{"id":8143,"date":"2023-02-16T11:24:12","date_gmt":"2023-02-16T10:24:12","guid":{"rendered":"https:\/\/www.carlofortetonnare.com\/tonno\/buzzonaglia\/"},"modified":"2025-06-26T15:00:18","modified_gmt":"2025-06-26T13:00:18","slug":"buzzonaglia","status":"publish","type":"product","link":"https:\/\/www.carlofortetonnare.com\/de\/tonno\/buzzonaglia\/","title":{"rendered":"Buzzonaglia"},"content":{"rendered":"","protected":false},"excerpt":{"rendered":"<p>Fr\u00fcher war die Buzzonaglia das typische Gericht der \u201eTonnarotti\u201c \u2013 der Thunfischf\u00e4nger. Sie genossen sie naturbelassen, gesalzen und in \u00d6l. Dank seiner festen, saftigen Textur eignet er sich perfekt zum Verfeinern von So\u00dfen und Salaten.<\/p>\n","protected":false},"featured_media":8144,"template":"","meta":{"om_disable_all_campaigns":false},"product_brand":[],"product_cat":[173],"product_tag":[],"class_list":{"0":"post-8143","1":"product","2":"type-product","3":"status-publish","4":"has-post-thumbnail","6":"product_cat-thunfischkonserven","8":"first","9":"instock","10":"taxable","11":"shipping-taxable","12":"purchasable","13":"product-type-variable","14":"has-default-attributes"},"acf":[],"yoast_head":"<!-- This site is optimized with the Yoast SEO plugin v27.0 - https:\/\/yoast.com\/product\/yoast-seo-wordpress\/ -->\n<title>Jetzt Buzzonaglia kaufen - \u2013 entdecke das Sortiment von Carloforte Tonnare<\/title>\n<meta name=\"description\" content=\"Die Buzzonaglia war fr\u00fcher die typische Mahlzeit der Tonnarotti. Sie ist f\u00fcr Liebhaber einfacher und unverf\u00e4lschter Geschm\u00e4cker bestimmt und eignet sich hervorragend f\u00fcr Pastagerichte.\" \/>\n<meta name=\"robots\" content=\"index, follow, max-snippet:-1, max-image-preview:large, max-video-preview:-1\" \/>\n<link rel=\"canonical\" href=\"https:\/\/www.carlofortetonnare.com\/de\/tonno\/buzzonaglia\/\" \/>\n<meta property=\"og:locale\" content=\"de_DE\" \/>\n<meta property=\"og:type\" content=\"article\" \/>\n<meta property=\"og:title\" content=\"Jetzt Buzzonaglia kaufen - \u2013 entdecke das Sortiment von Carloforte Tonnare\" \/>\n<meta property=\"og:description\" content=\"Die Buzzonaglia war fr\u00fcher die typische Mahlzeit der Tonnarotti. Sie ist f\u00fcr Liebhaber einfacher und unverf\u00e4lschter Geschm\u00e4cker bestimmt und eignet sich hervorragend f\u00fcr Pastagerichte.\" \/>\n<meta property=\"og:url\" content=\"https:\/\/www.carlofortetonnare.com\/de\/tonno\/buzzonaglia\/\" \/>\n<meta property=\"og:site_name\" content=\"Carloforte Tonnare\" \/>\n<meta property=\"article:modified_time\" content=\"2025-06-26T13:00:18+00:00\" \/>\n<meta property=\"og:image\" content=\"https:\/\/www.carlofortetonnare.com\/app\/uploads\/2023\/02\/buzzonaglia-1.jpg\" \/>\n\t<meta property=\"og:image:width\" content=\"500\" \/>\n\t<meta property=\"og:image:height\" content=\"440\" \/>\n\t<meta property=\"og:image:type\" content=\"image\/jpeg\" \/>\n<meta name=\"twitter:card\" content=\"summary_large_image\" \/>\n<script type=\"application\/ld+json\" class=\"yoast-schema-graph\">{\"@context\":\"https:\/\/schema.org\",\"@graph\":[{\"@type\":\"WebPage\",\"@id\":\"https:\/\/www.carlofortetonnare.com\/de\/tonno\/buzzonaglia\/\",\"url\":\"https:\/\/www.carlofortetonnare.com\/de\/tonno\/buzzonaglia\/\",\"name\":\"Jetzt Buzzonaglia kaufen - \u2013 entdecke das Sortiment von Carloforte Tonnare\",\"isPartOf\":{\"@id\":\"https:\/\/www.carlofortetonnare.com\/de\/#website\"},\"primaryImageOfPage\":{\"@id\":\"https:\/\/www.carlofortetonnare.com\/de\/tonno\/buzzonaglia\/#primaryimage\"},\"image\":{\"@id\":\"https:\/\/www.carlofortetonnare.com\/de\/tonno\/buzzonaglia\/#primaryimage\"},\"thumbnailUrl\":\"https:\/\/www.carlofortetonnare.com\/app\/uploads\/2023\/02\/buzzonaglia-1.jpg\",\"datePublished\":\"2023-02-16T10:24:12+00:00\",\"dateModified\":\"2025-06-26T13:00:18+00:00\",\"description\":\"Die Buzzonaglia war fr\u00fcher die typische Mahlzeit der Tonnarotti. Sie ist f\u00fcr Liebhaber einfacher und unverf\u00e4lschter Geschm\u00e4cker bestimmt und eignet sich hervorragend f\u00fcr Pastagerichte.\",\"breadcrumb\":{\"@id\":\"https:\/\/www.carlofortetonnare.com\/de\/tonno\/buzzonaglia\/#breadcrumb\"},\"inLanguage\":\"de-DE\",\"potentialAction\":[{\"@type\":\"ReadAction\",\"target\":[\"https:\/\/www.carlofortetonnare.com\/de\/tonno\/buzzonaglia\/\"]}]},{\"@type\":\"ImageObject\",\"inLanguage\":\"de-DE\",\"@id\":\"https:\/\/www.carlofortetonnare.com\/de\/tonno\/buzzonaglia\/#primaryimage\",\"url\":\"https:\/\/www.carlofortetonnare.com\/app\/uploads\/2023\/02\/buzzonaglia-1.jpg\",\"contentUrl\":\"https:\/\/www.carlofortetonnare.com\/app\/uploads\/2023\/02\/buzzonaglia-1.jpg\",\"width\":500,\"height\":440},{\"@type\":\"BreadcrumbList\",\"@id\":\"https:\/\/www.carlofortetonnare.com\/de\/tonno\/buzzonaglia\/#breadcrumb\",\"itemListElement\":[{\"@type\":\"ListItem\",\"position\":1,\"name\":\"Home\",\"item\":\"https:\/\/www.carlofortetonnare.com\/de\/\"},{\"@type\":\"ListItem\",\"position\":2,\"name\":\"Shop\",\"item\":\"https:\/\/www.carlofortetonnare.com\/de\/shop\/\"},{\"@type\":\"ListItem\",\"position\":3,\"name\":\"Buzzonaglia\"}]},{\"@type\":\"WebSite\",\"@id\":\"https:\/\/www.carlofortetonnare.com\/de\/#website\",\"url\":\"https:\/\/www.carlofortetonnare.com\/de\/\",\"name\":\"Carloforte Tonnare\",\"description\":\"\",\"publisher\":{\"@id\":\"https:\/\/www.carlofortetonnare.com\/de\/#organization\"},\"potentialAction\":[{\"@type\":\"SearchAction\",\"target\":{\"@type\":\"EntryPoint\",\"urlTemplate\":\"https:\/\/www.carlofortetonnare.com\/de\/?s={search_term_string}\"},\"query-input\":{\"@type\":\"PropertyValueSpecification\",\"valueRequired\":true,\"valueName\":\"search_term_string\"}}],\"inLanguage\":\"de-DE\"},{\"@type\":\"Organization\",\"@id\":\"https:\/\/www.carlofortetonnare.com\/de\/#organization\",\"name\":\"Carloforte Tonnare\",\"url\":\"https:\/\/www.carlofortetonnare.com\/de\/\",\"logo\":{\"@type\":\"ImageObject\",\"inLanguage\":\"de-DE\",\"@id\":\"https:\/\/www.carlofortetonnare.com\/de\/#\/schema\/logo\/image\/\",\"url\":\"https:\/\/www.carlofortetonnare.com\/app\/uploads\/2023\/02\/logo-stampa-sfondo-bianco.jpg\",\"contentUrl\":\"https:\/\/www.carlofortetonnare.com\/app\/uploads\/2023\/02\/logo-stampa-sfondo-bianco.jpg\",\"width\":2501,\"height\":1668,\"caption\":\"Carloforte Tonnare\"},\"image\":{\"@id\":\"https:\/\/www.carlofortetonnare.com\/de\/#\/schema\/logo\/image\/\"}}]}<\/script>\n<!-- \/ Yoast SEO plugin. -->","yoast_head_json":{"title":"Jetzt Buzzonaglia kaufen - \u2013 entdecke das Sortiment von Carloforte Tonnare","description":"Die Buzzonaglia war fr\u00fcher die typische Mahlzeit der Tonnarotti. Sie ist f\u00fcr Liebhaber einfacher und unverf\u00e4lschter Geschm\u00e4cker bestimmt und eignet sich hervorragend f\u00fcr Pastagerichte.","robots":{"index":"index","follow":"follow","max-snippet":"max-snippet:-1","max-image-preview":"max-image-preview:large","max-video-preview":"max-video-preview:-1"},"canonical":"https:\/\/www.carlofortetonnare.com\/de\/tonno\/buzzonaglia\/","og_locale":"de_DE","og_type":"article","og_title":"Jetzt Buzzonaglia kaufen - \u2013 entdecke das Sortiment von Carloforte Tonnare","og_description":"Die Buzzonaglia war fr\u00fcher die typische Mahlzeit der Tonnarotti. Sie ist f\u00fcr Liebhaber einfacher und unverf\u00e4lschter Geschm\u00e4cker bestimmt und eignet sich hervorragend f\u00fcr Pastagerichte.","og_url":"https:\/\/www.carlofortetonnare.com\/de\/tonno\/buzzonaglia\/","og_site_name":"Carloforte Tonnare","article_modified_time":"2025-06-26T13:00:18+00:00","og_image":[{"width":500,"height":440,"url":"https:\/\/www.carlofortetonnare.com\/app\/uploads\/2023\/02\/buzzonaglia-1.jpg","type":"image\/jpeg"}],"twitter_card":"summary_large_image","schema":{"@context":"https:\/\/schema.org","@graph":[{"@type":"WebPage","@id":"https:\/\/www.carlofortetonnare.com\/de\/tonno\/buzzonaglia\/","url":"https:\/\/www.carlofortetonnare.com\/de\/tonno\/buzzonaglia\/","name":"Jetzt Buzzonaglia kaufen - \u2013 entdecke das Sortiment von Carloforte Tonnare","isPartOf":{"@id":"https:\/\/www.carlofortetonnare.com\/de\/#website"},"primaryImageOfPage":{"@id":"https:\/\/www.carlofortetonnare.com\/de\/tonno\/buzzonaglia\/#primaryimage"},"image":{"@id":"https:\/\/www.carlofortetonnare.com\/de\/tonno\/buzzonaglia\/#primaryimage"},"thumbnailUrl":"https:\/\/www.carlofortetonnare.com\/app\/uploads\/2023\/02\/buzzonaglia-1.jpg","datePublished":"2023-02-16T10:24:12+00:00","dateModified":"2025-06-26T13:00:18+00:00","description":"Die Buzzonaglia war fr\u00fcher die typische Mahlzeit der Tonnarotti. Sie ist f\u00fcr Liebhaber einfacher und unverf\u00e4lschter Geschm\u00e4cker bestimmt und eignet sich hervorragend f\u00fcr Pastagerichte.","breadcrumb":{"@id":"https:\/\/www.carlofortetonnare.com\/de\/tonno\/buzzonaglia\/#breadcrumb"},"inLanguage":"de-DE","potentialAction":[{"@type":"ReadAction","target":["https:\/\/www.carlofortetonnare.com\/de\/tonno\/buzzonaglia\/"]}]},{"@type":"ImageObject","inLanguage":"de-DE","@id":"https:\/\/www.carlofortetonnare.com\/de\/tonno\/buzzonaglia\/#primaryimage","url":"https:\/\/www.carlofortetonnare.com\/app\/uploads\/2023\/02\/buzzonaglia-1.jpg","contentUrl":"https:\/\/www.carlofortetonnare.com\/app\/uploads\/2023\/02\/buzzonaglia-1.jpg","width":500,"height":440},{"@type":"BreadcrumbList","@id":"https:\/\/www.carlofortetonnare.com\/de\/tonno\/buzzonaglia\/#breadcrumb","itemListElement":[{"@type":"ListItem","position":1,"name":"Home","item":"https:\/\/www.carlofortetonnare.com\/de\/"},{"@type":"ListItem","position":2,"name":"Shop","item":"https:\/\/www.carlofortetonnare.com\/de\/shop\/"},{"@type":"ListItem","position":3,"name":"Buzzonaglia"}]},{"@type":"WebSite","@id":"https:\/\/www.carlofortetonnare.com\/de\/#website","url":"https:\/\/www.carlofortetonnare.com\/de\/","name":"Carloforte Tonnare","description":"","publisher":{"@id":"https:\/\/www.carlofortetonnare.com\/de\/#organization"},"potentialAction":[{"@type":"SearchAction","target":{"@type":"EntryPoint","urlTemplate":"https:\/\/www.carlofortetonnare.com\/de\/?s={search_term_string}"},"query-input":{"@type":"PropertyValueSpecification","valueRequired":true,"valueName":"search_term_string"}}],"inLanguage":"de-DE"},{"@type":"Organization","@id":"https:\/\/www.carlofortetonnare.com\/de\/#organization","name":"Carloforte Tonnare","url":"https:\/\/www.carlofortetonnare.com\/de\/","logo":{"@type":"ImageObject","inLanguage":"de-DE","@id":"https:\/\/www.carlofortetonnare.com\/de\/#\/schema\/logo\/image\/","url":"https:\/\/www.carlofortetonnare.com\/app\/uploads\/2023\/02\/logo-stampa-sfondo-bianco.jpg","contentUrl":"https:\/\/www.carlofortetonnare.com\/app\/uploads\/2023\/02\/logo-stampa-sfondo-bianco.jpg","width":2501,"height":1668,"caption":"Carloforte Tonnare"},"image":{"@id":"https:\/\/www.carlofortetonnare.com\/de\/#\/schema\/logo\/image\/"}}]}},"_links":{"self":[{"href":"https:\/\/www.carlofortetonnare.com\/de\/wp-json\/wp\/v2\/product\/8143","targetHints":{"allow":["GET"]}}],"collection":[{"href":"https:\/\/www.carlofortetonnare.com\/de\/wp-json\/wp\/v2\/product"}],"about":[{"href":"https:\/\/www.carlofortetonnare.com\/de\/wp-json\/wp\/v2\/types\/product"}],"wp:featuredmedia":[{"embeddable":true,"href":"https:\/\/www.carlofortetonnare.com\/de\/wp-json\/wp\/v2\/media\/8144"}],"wp:attachment":[{"href":"https:\/\/www.carlofortetonnare.com\/de\/wp-json\/wp\/v2\/media?parent=8143"}],"wp:term":[{"taxonomy":"product_brand","embeddable":true,"href":"https:\/\/www.carlofortetonnare.com\/de\/wp-json\/wp\/v2\/product_brand?post=8143"},{"taxonomy":"product_cat","embeddable":true,"href":"https:\/\/www.carlofortetonnare.com\/de\/wp-json\/wp\/v2\/product_cat?post=8143"},{"taxonomy":"product_tag","embeddable":true,"href":"https:\/\/www.carlofortetonnare.com\/de\/wp-json\/wp\/v2\/product_tag?post=8143"}],"curies":[{"name":"wp","href":"https:\/\/api.w.org\/{rel}","templated":true}]}}