{"id":8122,"date":"2023-02-01T11:03:12","date_gmt":"2023-02-01T10:03:12","guid":{"rendered":"https:\/\/www.carlofortetonnare.com\/tonno\/briciole\/"},"modified":"2025-06-25T17:02:08","modified_gmt":"2025-06-25T15:02:08","slug":"briciole","status":"publish","type":"product","link":"https:\/\/www.carlofortetonnare.com\/de\/tonno\/briciole\/","title":{"rendered":"Briciole"},"content":{"rendered":"","protected":false},"excerpt":{"rendered":"<p>Briciole sind die kleinsten St\u00fccke, die beim Schneiden der Tranchen vom Roten Thun entstehen. Sie eignen sich besonders gut f\u00fcr Pasteten, Vorspeisen, Salate und vor allem f\u00fcr aromatische Pastaso\u00dfen.<\/p>\n","protected":false},"featured_media":8126,"template":"","meta":{"om_disable_all_campaigns":false},"product_brand":[],"product_cat":[173],"product_tag":[],"class_list":{"0":"post-8122","1":"product","2":"type-product","3":"status-publish","4":"has-post-thumbnail","6":"product_cat-thunfischkonserven","8":"first","9":"outofstock","10":"taxable","11":"shipping-taxable","12":"purchasable","13":"product-type-variable","14":"has-default-attributes"},"acf":[],"yoast_head":"<!-- This site is optimized with the Yoast SEO plugin v27.0 - https:\/\/yoast.com\/product\/yoast-seo-wordpress\/ -->\n<title>Jetzt Briciole kaufen - \u2013 entdecke das Sortiment von Carloforte Tonnare<\/title>\n<meta name=\"description\" content=\"Die Abschnitte des von Hand mit dem Messer geschnittenen Roten Thunfischs. Ideal f\u00fcr die Zubereitung von Pasteten, Vorspeisen, Salaten oder der ber\u00fchmten Thunfischpasta.\" \/>\n<meta name=\"robots\" content=\"index, follow, max-snippet:-1, max-image-preview:large, max-video-preview:-1\" \/>\n<link rel=\"canonical\" href=\"https:\/\/www.carlofortetonnare.com\/de\/tonno\/briciole\/\" \/>\n<meta property=\"og:locale\" content=\"de_DE\" \/>\n<meta property=\"og:type\" content=\"article\" \/>\n<meta property=\"og:title\" content=\"Jetzt Briciole kaufen - \u2013 entdecke das Sortiment von Carloforte Tonnare\" \/>\n<meta property=\"og:description\" content=\"Die Abschnitte des von Hand mit dem Messer geschnittenen Roten Thunfischs. Ideal f\u00fcr die Zubereitung von Pasteten, Vorspeisen, Salaten oder der ber\u00fchmten Thunfischpasta.\" \/>\n<meta property=\"og:url\" content=\"https:\/\/www.carlofortetonnare.com\/de\/tonno\/briciole\/\" \/>\n<meta property=\"og:site_name\" content=\"Carloforte Tonnare\" \/>\n<meta property=\"article:modified_time\" content=\"2025-06-25T15:02:08+00:00\" \/>\n<meta property=\"og:image\" content=\"https:\/\/www.carlofortetonnare.com\/app\/uploads\/2023\/02\/briciole-1.jpg\" \/>\n\t<meta property=\"og:image:width\" content=\"500\" \/>\n\t<meta property=\"og:image:height\" content=\"440\" \/>\n\t<meta property=\"og:image:type\" content=\"image\/jpeg\" \/>\n<meta name=\"twitter:card\" content=\"summary_large_image\" \/>\n<script type=\"application\/ld+json\" class=\"yoast-schema-graph\">{\"@context\":\"https:\/\/schema.org\",\"@graph\":[{\"@type\":\"WebPage\",\"@id\":\"https:\/\/www.carlofortetonnare.com\/de\/tonno\/briciole\/\",\"url\":\"https:\/\/www.carlofortetonnare.com\/de\/tonno\/briciole\/\",\"name\":\"Jetzt Briciole kaufen - \u2013 entdecke das Sortiment von Carloforte Tonnare\",\"isPartOf\":{\"@id\":\"https:\/\/www.carlofortetonnare.com\/de\/#website\"},\"primaryImageOfPage\":{\"@id\":\"https:\/\/www.carlofortetonnare.com\/de\/tonno\/briciole\/#primaryimage\"},\"image\":{\"@id\":\"https:\/\/www.carlofortetonnare.com\/de\/tonno\/briciole\/#primaryimage\"},\"thumbnailUrl\":\"https:\/\/www.carlofortetonnare.com\/app\/uploads\/2023\/02\/briciole-1.jpg\",\"datePublished\":\"2023-02-01T10:03:12+00:00\",\"dateModified\":\"2025-06-25T15:02:08+00:00\",\"description\":\"Die Abschnitte des von Hand mit dem Messer geschnittenen Roten Thunfischs. Ideal f\u00fcr die Zubereitung von Pasteten, Vorspeisen, Salaten oder der ber\u00fchmten Thunfischpasta.\",\"breadcrumb\":{\"@id\":\"https:\/\/www.carlofortetonnare.com\/de\/tonno\/briciole\/#breadcrumb\"},\"inLanguage\":\"de-DE\",\"potentialAction\":[{\"@type\":\"ReadAction\",\"target\":[\"https:\/\/www.carlofortetonnare.com\/de\/tonno\/briciole\/\"]}]},{\"@type\":\"ImageObject\",\"inLanguage\":\"de-DE\",\"@id\":\"https:\/\/www.carlofortetonnare.com\/de\/tonno\/briciole\/#primaryimage\",\"url\":\"https:\/\/www.carlofortetonnare.com\/app\/uploads\/2023\/02\/briciole-1.jpg\",\"contentUrl\":\"https:\/\/www.carlofortetonnare.com\/app\/uploads\/2023\/02\/briciole-1.jpg\",\"width\":500,\"height\":440,\"caption\":\"Briciole di tonno di Corsa Sott'olio Carloforte Tonnare\"},{\"@type\":\"BreadcrumbList\",\"@id\":\"https:\/\/www.carlofortetonnare.com\/de\/tonno\/briciole\/#breadcrumb\",\"itemListElement\":[{\"@type\":\"ListItem\",\"position\":1,\"name\":\"Home\",\"item\":\"https:\/\/www.carlofortetonnare.com\/de\/\"},{\"@type\":\"ListItem\",\"position\":2,\"name\":\"Shop\",\"item\":\"https:\/\/www.carlofortetonnare.com\/de\/shop\/\"},{\"@type\":\"ListItem\",\"position\":3,\"name\":\"Briciole\"}]},{\"@type\":\"WebSite\",\"@id\":\"https:\/\/www.carlofortetonnare.com\/de\/#website\",\"url\":\"https:\/\/www.carlofortetonnare.com\/de\/\",\"name\":\"Carloforte Tonnare\",\"description\":\"\",\"publisher\":{\"@id\":\"https:\/\/www.carlofortetonnare.com\/de\/#organization\"},\"potentialAction\":[{\"@type\":\"SearchAction\",\"target\":{\"@type\":\"EntryPoint\",\"urlTemplate\":\"https:\/\/www.carlofortetonnare.com\/de\/?s={search_term_string}\"},\"query-input\":{\"@type\":\"PropertyValueSpecification\",\"valueRequired\":true,\"valueName\":\"search_term_string\"}}],\"inLanguage\":\"de-DE\"},{\"@type\":\"Organization\",\"@id\":\"https:\/\/www.carlofortetonnare.com\/de\/#organization\",\"name\":\"Carloforte Tonnare\",\"url\":\"https:\/\/www.carlofortetonnare.com\/de\/\",\"logo\":{\"@type\":\"ImageObject\",\"inLanguage\":\"de-DE\",\"@id\":\"https:\/\/www.carlofortetonnare.com\/de\/#\/schema\/logo\/image\/\",\"url\":\"https:\/\/www.carlofortetonnare.com\/app\/uploads\/2023\/02\/logo-stampa-sfondo-bianco.jpg\",\"contentUrl\":\"https:\/\/www.carlofortetonnare.com\/app\/uploads\/2023\/02\/logo-stampa-sfondo-bianco.jpg\",\"width\":2501,\"height\":1668,\"caption\":\"Carloforte Tonnare\"},\"image\":{\"@id\":\"https:\/\/www.carlofortetonnare.com\/de\/#\/schema\/logo\/image\/\"}}]}<\/script>\n<!-- \/ Yoast SEO plugin. -->","yoast_head_json":{"title":"Jetzt Briciole kaufen - \u2013 entdecke das Sortiment von Carloforte Tonnare","description":"Die Abschnitte des von Hand mit dem Messer geschnittenen Roten Thunfischs. Ideal f\u00fcr die Zubereitung von Pasteten, Vorspeisen, Salaten oder der ber\u00fchmten Thunfischpasta.","robots":{"index":"index","follow":"follow","max-snippet":"max-snippet:-1","max-image-preview":"max-image-preview:large","max-video-preview":"max-video-preview:-1"},"canonical":"https:\/\/www.carlofortetonnare.com\/de\/tonno\/briciole\/","og_locale":"de_DE","og_type":"article","og_title":"Jetzt Briciole kaufen - \u2013 entdecke das Sortiment von Carloforte Tonnare","og_description":"Die Abschnitte des von Hand mit dem Messer geschnittenen Roten Thunfischs. Ideal f\u00fcr die Zubereitung von Pasteten, Vorspeisen, Salaten oder der ber\u00fchmten Thunfischpasta.","og_url":"https:\/\/www.carlofortetonnare.com\/de\/tonno\/briciole\/","og_site_name":"Carloforte Tonnare","article_modified_time":"2025-06-25T15:02:08+00:00","og_image":[{"width":500,"height":440,"url":"https:\/\/www.carlofortetonnare.com\/app\/uploads\/2023\/02\/briciole-1.jpg","type":"image\/jpeg"}],"twitter_card":"summary_large_image","schema":{"@context":"https:\/\/schema.org","@graph":[{"@type":"WebPage","@id":"https:\/\/www.carlofortetonnare.com\/de\/tonno\/briciole\/","url":"https:\/\/www.carlofortetonnare.com\/de\/tonno\/briciole\/","name":"Jetzt Briciole kaufen - \u2013 entdecke das Sortiment von Carloforte Tonnare","isPartOf":{"@id":"https:\/\/www.carlofortetonnare.com\/de\/#website"},"primaryImageOfPage":{"@id":"https:\/\/www.carlofortetonnare.com\/de\/tonno\/briciole\/#primaryimage"},"image":{"@id":"https:\/\/www.carlofortetonnare.com\/de\/tonno\/briciole\/#primaryimage"},"thumbnailUrl":"https:\/\/www.carlofortetonnare.com\/app\/uploads\/2023\/02\/briciole-1.jpg","datePublished":"2023-02-01T10:03:12+00:00","dateModified":"2025-06-25T15:02:08+00:00","description":"Die Abschnitte des von Hand mit dem Messer geschnittenen Roten Thunfischs. Ideal f\u00fcr die Zubereitung von Pasteten, Vorspeisen, Salaten oder der ber\u00fchmten Thunfischpasta.","breadcrumb":{"@id":"https:\/\/www.carlofortetonnare.com\/de\/tonno\/briciole\/#breadcrumb"},"inLanguage":"de-DE","potentialAction":[{"@type":"ReadAction","target":["https:\/\/www.carlofortetonnare.com\/de\/tonno\/briciole\/"]}]},{"@type":"ImageObject","inLanguage":"de-DE","@id":"https:\/\/www.carlofortetonnare.com\/de\/tonno\/briciole\/#primaryimage","url":"https:\/\/www.carlofortetonnare.com\/app\/uploads\/2023\/02\/briciole-1.jpg","contentUrl":"https:\/\/www.carlofortetonnare.com\/app\/uploads\/2023\/02\/briciole-1.jpg","width":500,"height":440,"caption":"Briciole di tonno di Corsa Sott'olio Carloforte Tonnare"},{"@type":"BreadcrumbList","@id":"https:\/\/www.carlofortetonnare.com\/de\/tonno\/briciole\/#breadcrumb","itemListElement":[{"@type":"ListItem","position":1,"name":"Home","item":"https:\/\/www.carlofortetonnare.com\/de\/"},{"@type":"ListItem","position":2,"name":"Shop","item":"https:\/\/www.carlofortetonnare.com\/de\/shop\/"},{"@type":"ListItem","position":3,"name":"Briciole"}]},{"@type":"WebSite","@id":"https:\/\/www.carlofortetonnare.com\/de\/#website","url":"https:\/\/www.carlofortetonnare.com\/de\/","name":"Carloforte Tonnare","description":"","publisher":{"@id":"https:\/\/www.carlofortetonnare.com\/de\/#organization"},"potentialAction":[{"@type":"SearchAction","target":{"@type":"EntryPoint","urlTemplate":"https:\/\/www.carlofortetonnare.com\/de\/?s={search_term_string}"},"query-input":{"@type":"PropertyValueSpecification","valueRequired":true,"valueName":"search_term_string"}}],"inLanguage":"de-DE"},{"@type":"Organization","@id":"https:\/\/www.carlofortetonnare.com\/de\/#organization","name":"Carloforte Tonnare","url":"https:\/\/www.carlofortetonnare.com\/de\/","logo":{"@type":"ImageObject","inLanguage":"de-DE","@id":"https:\/\/www.carlofortetonnare.com\/de\/#\/schema\/logo\/image\/","url":"https:\/\/www.carlofortetonnare.com\/app\/uploads\/2023\/02\/logo-stampa-sfondo-bianco.jpg","contentUrl":"https:\/\/www.carlofortetonnare.com\/app\/uploads\/2023\/02\/logo-stampa-sfondo-bianco.jpg","width":2501,"height":1668,"caption":"Carloforte Tonnare"},"image":{"@id":"https:\/\/www.carlofortetonnare.com\/de\/#\/schema\/logo\/image\/"}}]}},"_links":{"self":[{"href":"https:\/\/www.carlofortetonnare.com\/de\/wp-json\/wp\/v2\/product\/8122","targetHints":{"allow":["GET"]}}],"collection":[{"href":"https:\/\/www.carlofortetonnare.com\/de\/wp-json\/wp\/v2\/product"}],"about":[{"href":"https:\/\/www.carlofortetonnare.com\/de\/wp-json\/wp\/v2\/types\/product"}],"wp:featuredmedia":[{"embeddable":true,"href":"https:\/\/www.carlofortetonnare.com\/de\/wp-json\/wp\/v2\/media\/8126"}],"wp:attachment":[{"href":"https:\/\/www.carlofortetonnare.com\/de\/wp-json\/wp\/v2\/media?parent=8122"}],"wp:term":[{"taxonomy":"product_brand","embeddable":true,"href":"https:\/\/www.carlofortetonnare.com\/de\/wp-json\/wp\/v2\/product_brand?post=8122"},{"taxonomy":"product_cat","embeddable":true,"href":"https:\/\/www.carlofortetonnare.com\/de\/wp-json\/wp\/v2\/product_cat?post=8122"},{"taxonomy":"product_tag","embeddable":true,"href":"https:\/\/www.carlofortetonnare.com\/de\/wp-json\/wp\/v2\/product_tag?post=8122"}],"curies":[{"name":"wp","href":"https:\/\/api.w.org\/{rel}","templated":true}]}}