{"id":8114,"date":"2023-01-18T17:43:37","date_gmt":"2023-01-18T16:43:37","guid":{"rendered":"https:\/\/www.carlofortetonnare.com\/tonno\/thunfisch-di-corsa\/"},"modified":"2025-06-25T17:02:05","modified_gmt":"2025-06-25T15:02:05","slug":"thunfisch-di-corsa","status":"publish","type":"product","link":"https:\/\/www.carlofortetonnare.com\/de\/tonno\/thunfisch-di-corsa\/","title":{"rendered":"Thunfisch di Corsa"},"content":{"rendered":"","protected":false},"excerpt":{"rendered":"<p>Die Thunfischst\u00fccke stammen vom Roten Thun (Thunnus thynnus), der zum Laichen in die warmen Gew\u00e4sser des Mittelmeers zieht. In dieser Phase hat ihr Fleisch die beste Qualit\u00e4t f\u00fcr den Verzehr. Verarbeitet wird das subdorsale Fleisch, das sich durch seinen niedrigen Fettgehalt und seinen kr\u00e4ftigen Geschmack auszeichnet.<\/p>\n","protected":false},"featured_media":8115,"template":"","meta":{"om_disable_all_campaigns":false},"product_brand":[],"product_cat":[173],"product_tag":[],"class_list":{"0":"post-8114","1":"product","2":"type-product","3":"status-publish","4":"has-post-thumbnail","6":"product_cat-thunfischkonserven","8":"first","9":"instock","10":"taxable","11":"shipping-taxable","12":"purchasable","13":"product-type-variable","14":"has-default-attributes"},"acf":[],"yoast_head":"<!-- This site is optimized with the Yoast SEO plugin v27.0 - https:\/\/yoast.com\/product\/yoast-seo-wordpress\/ -->\n<title>Roter Thunfisch der Saison in Oliven\u00f6l - Jetzt kaufen bei Carloforte Tonnare<\/title>\n<meta name=\"description\" content=\"Roter Lauftunfisch in Oliven\u00f6l, 170\u202fg \u2013 in Carloforte gefangen und verarbeitet. Jetzt im offiziellen Shop von Carloforte Tonnare kaufen\" \/>\n<meta name=\"robots\" content=\"index, follow, max-snippet:-1, max-image-preview:large, max-video-preview:-1\" \/>\n<link rel=\"canonical\" href=\"https:\/\/www.carlofortetonnare.com\/de\/tonno\/thunfisch-di-corsa\/\" \/>\n<meta property=\"og:locale\" content=\"de_DE\" \/>\n<meta property=\"og:type\" content=\"article\" \/>\n<meta property=\"og:title\" content=\"Roter Thunfisch der Saison in Oliven\u00f6l - Jetzt kaufen bei Carloforte Tonnare\" \/>\n<meta property=\"og:description\" content=\"Roter Lauftunfisch in Oliven\u00f6l, 170\u202fg \u2013 in Carloforte gefangen und verarbeitet. Jetzt im offiziellen Shop von Carloforte Tonnare kaufen\" \/>\n<meta property=\"og:url\" content=\"https:\/\/www.carlofortetonnare.com\/de\/tonno\/thunfisch-di-corsa\/\" \/>\n<meta property=\"og:site_name\" content=\"Carloforte Tonnare\" \/>\n<meta property=\"article:modified_time\" content=\"2025-06-25T15:02:05+00:00\" \/>\n<meta property=\"og:image\" content=\"https:\/\/www.carlofortetonnare.com\/app\/uploads\/2023\/02\/tonno-di-corsa-1.jpg\" \/>\n\t<meta property=\"og:image:width\" content=\"500\" \/>\n\t<meta property=\"og:image:height\" content=\"440\" \/>\n\t<meta property=\"og:image:type\" content=\"image\/jpeg\" \/>\n<meta name=\"twitter:card\" content=\"summary_large_image\" \/>\n<script type=\"application\/ld+json\" class=\"yoast-schema-graph\">{\"@context\":\"https:\/\/schema.org\",\"@graph\":[{\"@type\":\"WebPage\",\"@id\":\"https:\/\/www.carlofortetonnare.com\/de\/tonno\/thunfisch-di-corsa\/\",\"url\":\"https:\/\/www.carlofortetonnare.com\/de\/tonno\/thunfisch-di-corsa\/\",\"name\":\"Roter Thunfisch der Saison in Oliven\u00f6l - Jetzt kaufen bei Carloforte Tonnare\",\"isPartOf\":{\"@id\":\"https:\/\/www.carlofortetonnare.com\/de\/#website\"},\"primaryImageOfPage\":{\"@id\":\"https:\/\/www.carlofortetonnare.com\/de\/tonno\/thunfisch-di-corsa\/#primaryimage\"},\"image\":{\"@id\":\"https:\/\/www.carlofortetonnare.com\/de\/tonno\/thunfisch-di-corsa\/#primaryimage\"},\"thumbnailUrl\":\"https:\/\/www.carlofortetonnare.com\/app\/uploads\/2023\/02\/tonno-di-corsa-1.jpg\",\"datePublished\":\"2023-01-18T16:43:37+00:00\",\"dateModified\":\"2025-06-25T15:02:05+00:00\",\"description\":\"Roter Lauftunfisch in Oliven\u00f6l, 170\u202fg \u2013 in Carloforte gefangen und verarbeitet. Jetzt im offiziellen Shop von Carloforte Tonnare kaufen\",\"breadcrumb\":{\"@id\":\"https:\/\/www.carlofortetonnare.com\/de\/tonno\/thunfisch-di-corsa\/#breadcrumb\"},\"inLanguage\":\"de-DE\",\"potentialAction\":[{\"@type\":\"ReadAction\",\"target\":[\"https:\/\/www.carlofortetonnare.com\/de\/tonno\/thunfisch-di-corsa\/\"]}]},{\"@type\":\"ImageObject\",\"inLanguage\":\"de-DE\",\"@id\":\"https:\/\/www.carlofortetonnare.com\/de\/tonno\/thunfisch-di-corsa\/#primaryimage\",\"url\":\"https:\/\/www.carlofortetonnare.com\/app\/uploads\/2023\/02\/tonno-di-corsa-1.jpg\",\"contentUrl\":\"https:\/\/www.carlofortetonnare.com\/app\/uploads\/2023\/02\/tonno-di-corsa-1.jpg\",\"width\":500,\"height\":440,\"caption\":\"Tonno Rosso di Corsa sott'Olio in Olio D'Oliva\"},{\"@type\":\"BreadcrumbList\",\"@id\":\"https:\/\/www.carlofortetonnare.com\/de\/tonno\/thunfisch-di-corsa\/#breadcrumb\",\"itemListElement\":[{\"@type\":\"ListItem\",\"position\":1,\"name\":\"Home\",\"item\":\"https:\/\/www.carlofortetonnare.com\/de\/\"},{\"@type\":\"ListItem\",\"position\":2,\"name\":\"Shop\",\"item\":\"https:\/\/www.carlofortetonnare.com\/de\/shop\/\"},{\"@type\":\"ListItem\",\"position\":3,\"name\":\"Thunfisch di Corsa\"}]},{\"@type\":\"WebSite\",\"@id\":\"https:\/\/www.carlofortetonnare.com\/de\/#website\",\"url\":\"https:\/\/www.carlofortetonnare.com\/de\/\",\"name\":\"Carloforte Tonnare\",\"description\":\"\",\"publisher\":{\"@id\":\"https:\/\/www.carlofortetonnare.com\/de\/#organization\"},\"potentialAction\":[{\"@type\":\"SearchAction\",\"target\":{\"@type\":\"EntryPoint\",\"urlTemplate\":\"https:\/\/www.carlofortetonnare.com\/de\/?s={search_term_string}\"},\"query-input\":{\"@type\":\"PropertyValueSpecification\",\"valueRequired\":true,\"valueName\":\"search_term_string\"}}],\"inLanguage\":\"de-DE\"},{\"@type\":\"Organization\",\"@id\":\"https:\/\/www.carlofortetonnare.com\/de\/#organization\",\"name\":\"Carloforte Tonnare\",\"url\":\"https:\/\/www.carlofortetonnare.com\/de\/\",\"logo\":{\"@type\":\"ImageObject\",\"inLanguage\":\"de-DE\",\"@id\":\"https:\/\/www.carlofortetonnare.com\/de\/#\/schema\/logo\/image\/\",\"url\":\"https:\/\/www.carlofortetonnare.com\/app\/uploads\/2023\/02\/logo-stampa-sfondo-bianco.jpg\",\"contentUrl\":\"https:\/\/www.carlofortetonnare.com\/app\/uploads\/2023\/02\/logo-stampa-sfondo-bianco.jpg\",\"width\":2501,\"height\":1668,\"caption\":\"Carloforte Tonnare\"},\"image\":{\"@id\":\"https:\/\/www.carlofortetonnare.com\/de\/#\/schema\/logo\/image\/\"}}]}<\/script>\n<!-- \/ Yoast SEO plugin. -->","yoast_head_json":{"title":"Roter Thunfisch der Saison in Oliven\u00f6l - Jetzt kaufen bei Carloforte Tonnare","description":"Roter Lauftunfisch in Oliven\u00f6l, 170\u202fg \u2013 in Carloforte gefangen und verarbeitet. Jetzt im offiziellen Shop von Carloforte Tonnare kaufen","robots":{"index":"index","follow":"follow","max-snippet":"max-snippet:-1","max-image-preview":"max-image-preview:large","max-video-preview":"max-video-preview:-1"},"canonical":"https:\/\/www.carlofortetonnare.com\/de\/tonno\/thunfisch-di-corsa\/","og_locale":"de_DE","og_type":"article","og_title":"Roter Thunfisch der Saison in Oliven\u00f6l - Jetzt kaufen bei Carloforte Tonnare","og_description":"Roter Lauftunfisch in Oliven\u00f6l, 170\u202fg \u2013 in Carloforte gefangen und verarbeitet. Jetzt im offiziellen Shop von Carloforte Tonnare kaufen","og_url":"https:\/\/www.carlofortetonnare.com\/de\/tonno\/thunfisch-di-corsa\/","og_site_name":"Carloforte Tonnare","article_modified_time":"2025-06-25T15:02:05+00:00","og_image":[{"width":500,"height":440,"url":"https:\/\/www.carlofortetonnare.com\/app\/uploads\/2023\/02\/tonno-di-corsa-1.jpg","type":"image\/jpeg"}],"twitter_card":"summary_large_image","schema":{"@context":"https:\/\/schema.org","@graph":[{"@type":"WebPage","@id":"https:\/\/www.carlofortetonnare.com\/de\/tonno\/thunfisch-di-corsa\/","url":"https:\/\/www.carlofortetonnare.com\/de\/tonno\/thunfisch-di-corsa\/","name":"Roter Thunfisch der Saison in Oliven\u00f6l - Jetzt kaufen bei Carloforte Tonnare","isPartOf":{"@id":"https:\/\/www.carlofortetonnare.com\/de\/#website"},"primaryImageOfPage":{"@id":"https:\/\/www.carlofortetonnare.com\/de\/tonno\/thunfisch-di-corsa\/#primaryimage"},"image":{"@id":"https:\/\/www.carlofortetonnare.com\/de\/tonno\/thunfisch-di-corsa\/#primaryimage"},"thumbnailUrl":"https:\/\/www.carlofortetonnare.com\/app\/uploads\/2023\/02\/tonno-di-corsa-1.jpg","datePublished":"2023-01-18T16:43:37+00:00","dateModified":"2025-06-25T15:02:05+00:00","description":"Roter Lauftunfisch in Oliven\u00f6l, 170\u202fg \u2013 in Carloforte gefangen und verarbeitet. Jetzt im offiziellen Shop von Carloforte Tonnare kaufen","breadcrumb":{"@id":"https:\/\/www.carlofortetonnare.com\/de\/tonno\/thunfisch-di-corsa\/#breadcrumb"},"inLanguage":"de-DE","potentialAction":[{"@type":"ReadAction","target":["https:\/\/www.carlofortetonnare.com\/de\/tonno\/thunfisch-di-corsa\/"]}]},{"@type":"ImageObject","inLanguage":"de-DE","@id":"https:\/\/www.carlofortetonnare.com\/de\/tonno\/thunfisch-di-corsa\/#primaryimage","url":"https:\/\/www.carlofortetonnare.com\/app\/uploads\/2023\/02\/tonno-di-corsa-1.jpg","contentUrl":"https:\/\/www.carlofortetonnare.com\/app\/uploads\/2023\/02\/tonno-di-corsa-1.jpg","width":500,"height":440,"caption":"Tonno Rosso di Corsa sott'Olio in Olio D'Oliva"},{"@type":"BreadcrumbList","@id":"https:\/\/www.carlofortetonnare.com\/de\/tonno\/thunfisch-di-corsa\/#breadcrumb","itemListElement":[{"@type":"ListItem","position":1,"name":"Home","item":"https:\/\/www.carlofortetonnare.com\/de\/"},{"@type":"ListItem","position":2,"name":"Shop","item":"https:\/\/www.carlofortetonnare.com\/de\/shop\/"},{"@type":"ListItem","position":3,"name":"Thunfisch di Corsa"}]},{"@type":"WebSite","@id":"https:\/\/www.carlofortetonnare.com\/de\/#website","url":"https:\/\/www.carlofortetonnare.com\/de\/","name":"Carloforte Tonnare","description":"","publisher":{"@id":"https:\/\/www.carlofortetonnare.com\/de\/#organization"},"potentialAction":[{"@type":"SearchAction","target":{"@type":"EntryPoint","urlTemplate":"https:\/\/www.carlofortetonnare.com\/de\/?s={search_term_string}"},"query-input":{"@type":"PropertyValueSpecification","valueRequired":true,"valueName":"search_term_string"}}],"inLanguage":"de-DE"},{"@type":"Organization","@id":"https:\/\/www.carlofortetonnare.com\/de\/#organization","name":"Carloforte Tonnare","url":"https:\/\/www.carlofortetonnare.com\/de\/","logo":{"@type":"ImageObject","inLanguage":"de-DE","@id":"https:\/\/www.carlofortetonnare.com\/de\/#\/schema\/logo\/image\/","url":"https:\/\/www.carlofortetonnare.com\/app\/uploads\/2023\/02\/logo-stampa-sfondo-bianco.jpg","contentUrl":"https:\/\/www.carlofortetonnare.com\/app\/uploads\/2023\/02\/logo-stampa-sfondo-bianco.jpg","width":2501,"height":1668,"caption":"Carloforte Tonnare"},"image":{"@id":"https:\/\/www.carlofortetonnare.com\/de\/#\/schema\/logo\/image\/"}}]}},"_links":{"self":[{"href":"https:\/\/www.carlofortetonnare.com\/de\/wp-json\/wp\/v2\/product\/8114","targetHints":{"allow":["GET"]}}],"collection":[{"href":"https:\/\/www.carlofortetonnare.com\/de\/wp-json\/wp\/v2\/product"}],"about":[{"href":"https:\/\/www.carlofortetonnare.com\/de\/wp-json\/wp\/v2\/types\/product"}],"wp:featuredmedia":[{"embeddable":true,"href":"https:\/\/www.carlofortetonnare.com\/de\/wp-json\/wp\/v2\/media\/8115"}],"wp:attachment":[{"href":"https:\/\/www.carlofortetonnare.com\/de\/wp-json\/wp\/v2\/media?parent=8114"}],"wp:term":[{"taxonomy":"product_brand","embeddable":true,"href":"https:\/\/www.carlofortetonnare.com\/de\/wp-json\/wp\/v2\/product_brand?post=8114"},{"taxonomy":"product_cat","embeddable":true,"href":"https:\/\/www.carlofortetonnare.com\/de\/wp-json\/wp\/v2\/product_cat?post=8114"},{"taxonomy":"product_tag","embeddable":true,"href":"https:\/\/www.carlofortetonnare.com\/de\/wp-json\/wp\/v2\/product_tag?post=8114"}],"curies":[{"name":"wp","href":"https:\/\/api.w.org\/{rel}","templated":true}]}}