{"id":12162,"date":"2025-10-20T11:29:31","date_gmt":"2025-10-20T09:29:31","guid":{"rendered":"https:\/\/www.carlofortetonnare.com\/tonno\/t-shirt-carloforte-tonnare\/"},"modified":"2026-02-18T10:43:49","modified_gmt":"2026-02-18T09:43:49","slug":"t-shirt-carloforte-tonnare","status":"publish","type":"product","link":"https:\/\/www.carlofortetonnare.com\/de\/tonno\/t-shirt-carloforte-tonnare\/","title":{"rendered":"T-shirt Carloforte Tonnare"},"content":{"rendered":"","protected":false},"excerpt":{"rendered":"<p>Offizielles Carloforte-Tonnare-T-Shirt, gefertigt aus weicher 100%-Baumwolle und mit einem schlichten Design, das die Identit\u00e4t der Marke widerspiegelt.<br data-start=\"378\" data-end=\"381\">Das Logo ist auf der Brust und in gr\u00f6\u00dferer Version auf dem R\u00fccken aufgedruckt \u2013 f\u00fcr einen authentischen und wiedererkennbaren Look.<br \/>Ideal f\u00fcr die Freizeit oder als Erinnerung an die Tradition der Tonnara von Carloforte; verbindet Komfort, Qualit\u00e4t und maritimen Stil. <\/p>\n<p data-start=\"508\" data-end=\"532\"><strong data-start=\"508\" data-end=\"530\">Produktdetails:<\/strong><\/p>\n<ul data-start=\"533\" data-end=\"658\">\n<li data-start=\"533\" data-end=\"559\">\n<p data-start=\"535\" data-end=\"559\">Material: 100% Baumwolle<\/p>\n<\/li>\n<li data-start=\"560\" data-end=\"600\">\n<p data-start=\"562\" data-end=\"600\">Verf\u00fcgbare Farben: Marineblau, Wei\u00df<\/p>\n<\/li>\n<li data-start=\"601\" data-end=\"626\">\n<p data-start=\"603\" data-end=\"626\">Passform: Klassisch<\/p>\n<\/li>\n<li data-start=\"627\" data-end=\"658\">\n<p data-start=\"629\" data-end=\"658\">Gr\u00f6\u00dfen: XS \u2013 S \u2013 M \u2013 L \u2013 XL<\/p>\n<\/li>\n<\/ul>\n","protected":false},"featured_media":10442,"template":"","meta":{"om_disable_all_campaigns":false},"product_brand":[],"product_cat":[320,173],"product_tag":[],"class_list":{"0":"post-12162","1":"product","2":"type-product","3":"status-publish","4":"has-post-thumbnail","6":"product_cat-merchandising","7":"product_cat-thunfischkonserven","9":"first","10":"instock","11":"taxable","12":"shipping-taxable","13":"purchasable","14":"product-type-variable"},"acf":[],"yoast_head":"<!-- This site is optimized with the Yoast SEO plugin v27.0 - https:\/\/yoast.com\/product\/yoast-seo-wordpress\/ -->\n<title>T-shirt Carloforte Tonnare - Carloforte Tonnare<\/title>\n<meta name=\"robots\" content=\"index, follow, max-snippet:-1, max-image-preview:large, max-video-preview:-1\" \/>\n<link rel=\"canonical\" href=\"https:\/\/www.carlofortetonnare.com\/de\/tonno\/t-shirt-carloforte-tonnare\/\" \/>\n<meta property=\"og:locale\" content=\"de_DE\" \/>\n<meta property=\"og:type\" content=\"article\" \/>\n<meta property=\"og:title\" content=\"T-shirt Carloforte Tonnare - Carloforte Tonnare\" \/>\n<meta property=\"og:description\" content=\"Offizielles Carloforte-Tonnare-T-Shirt, gefertigt aus weicher 100%-Baumwolle und mit einem schlichten Design, das die Identit\u00e4t der Marke widerspiegelt.Das Logo ist auf der Brust und in gr\u00f6\u00dferer Version auf dem R\u00fccken aufgedruckt \u2013 f\u00fcr einen authentischen und wiedererkennbaren Look.Ideal f\u00fcr die Freizeit oder als Erinnerung an die Tradition der Tonnara von Carloforte; verbindet Komfort, Qualit\u00e4t und maritimen Stil. Produktdetails:   Material: 100% Baumwolle   Verf\u00fcgbare Farben: Marineblau, Wei\u00df   Passform: Klassisch   Gr\u00f6\u00dfen: XS \u2013 S \u2013 M \u2013 L \u2013 XL\" \/>\n<meta property=\"og:url\" content=\"https:\/\/www.carlofortetonnare.com\/de\/tonno\/t-shirt-carloforte-tonnare\/\" \/>\n<meta property=\"og:site_name\" content=\"Carloforte Tonnare\" \/>\n<meta property=\"article:modified_time\" content=\"2026-02-18T09:43:49+00:00\" \/>\n<meta property=\"og:image\" content=\"https:\/\/www.carlofortetonnare.com\/app\/uploads\/2025\/10\/carloforte-tshirt-blu-fronte-500x440px.jpg\" \/>\n\t<meta property=\"og:image:width\" content=\"500\" \/>\n\t<meta property=\"og:image:height\" content=\"440\" \/>\n\t<meta property=\"og:image:type\" content=\"image\/jpeg\" \/>\n<meta name=\"twitter:card\" content=\"summary_large_image\" \/>\n<script type=\"application\/ld+json\" class=\"yoast-schema-graph\">{\"@context\":\"https:\/\/schema.org\",\"@graph\":[{\"@type\":\"WebPage\",\"@id\":\"https:\/\/www.carlofortetonnare.com\/de\/tonno\/t-shirt-carloforte-tonnare\/\",\"url\":\"https:\/\/www.carlofortetonnare.com\/de\/tonno\/t-shirt-carloforte-tonnare\/\",\"name\":\"T-shirt Carloforte Tonnare - Carloforte Tonnare\",\"isPartOf\":{\"@id\":\"https:\/\/www.carlofortetonnare.com\/de\/#website\"},\"primaryImageOfPage\":{\"@id\":\"https:\/\/www.carlofortetonnare.com\/de\/tonno\/t-shirt-carloforte-tonnare\/#primaryimage\"},\"image\":{\"@id\":\"https:\/\/www.carlofortetonnare.com\/de\/tonno\/t-shirt-carloforte-tonnare\/#primaryimage\"},\"thumbnailUrl\":\"https:\/\/www.carlofortetonnare.com\/app\/uploads\/2025\/10\/carloforte-tshirt-blu-fronte-500x440px.jpg\",\"datePublished\":\"2025-10-20T09:29:31+00:00\",\"dateModified\":\"2026-02-18T09:43:49+00:00\",\"breadcrumb\":{\"@id\":\"https:\/\/www.carlofortetonnare.com\/de\/tonno\/t-shirt-carloforte-tonnare\/#breadcrumb\"},\"inLanguage\":\"de-DE\",\"potentialAction\":[{\"@type\":\"ReadAction\",\"target\":[\"https:\/\/www.carlofortetonnare.com\/de\/tonno\/t-shirt-carloforte-tonnare\/\"]}]},{\"@type\":\"ImageObject\",\"inLanguage\":\"de-DE\",\"@id\":\"https:\/\/www.carlofortetonnare.com\/de\/tonno\/t-shirt-carloforte-tonnare\/#primaryimage\",\"url\":\"https:\/\/www.carlofortetonnare.com\/app\/uploads\/2025\/10\/carloforte-tshirt-blu-fronte-500x440px.jpg\",\"contentUrl\":\"https:\/\/www.carlofortetonnare.com\/app\/uploads\/2025\/10\/carloforte-tshirt-blu-fronte-500x440px.jpg\",\"width\":500,\"height\":440},{\"@type\":\"BreadcrumbList\",\"@id\":\"https:\/\/www.carlofortetonnare.com\/de\/tonno\/t-shirt-carloforte-tonnare\/#breadcrumb\",\"itemListElement\":[{\"@type\":\"ListItem\",\"position\":1,\"name\":\"Home\",\"item\":\"https:\/\/www.carlofortetonnare.com\/de\/\"},{\"@type\":\"ListItem\",\"position\":2,\"name\":\"Shop\",\"item\":\"https:\/\/www.carlofortetonnare.com\/de\/shop\/\"},{\"@type\":\"ListItem\",\"position\":3,\"name\":\"T-shirt Carloforte Tonnare\"}]},{\"@type\":\"WebSite\",\"@id\":\"https:\/\/www.carlofortetonnare.com\/de\/#website\",\"url\":\"https:\/\/www.carlofortetonnare.com\/de\/\",\"name\":\"Carloforte Tonnare\",\"description\":\"\",\"publisher\":{\"@id\":\"https:\/\/www.carlofortetonnare.com\/de\/#organization\"},\"potentialAction\":[{\"@type\":\"SearchAction\",\"target\":{\"@type\":\"EntryPoint\",\"urlTemplate\":\"https:\/\/www.carlofortetonnare.com\/de\/?s={search_term_string}\"},\"query-input\":{\"@type\":\"PropertyValueSpecification\",\"valueRequired\":true,\"valueName\":\"search_term_string\"}}],\"inLanguage\":\"de-DE\"},{\"@type\":\"Organization\",\"@id\":\"https:\/\/www.carlofortetonnare.com\/de\/#organization\",\"name\":\"Carloforte Tonnare\",\"url\":\"https:\/\/www.carlofortetonnare.com\/de\/\",\"logo\":{\"@type\":\"ImageObject\",\"inLanguage\":\"de-DE\",\"@id\":\"https:\/\/www.carlofortetonnare.com\/de\/#\/schema\/logo\/image\/\",\"url\":\"https:\/\/www.carlofortetonnare.com\/app\/uploads\/2023\/02\/logo-stampa-sfondo-bianco.jpg\",\"contentUrl\":\"https:\/\/www.carlofortetonnare.com\/app\/uploads\/2023\/02\/logo-stampa-sfondo-bianco.jpg\",\"width\":2501,\"height\":1668,\"caption\":\"Carloforte Tonnare\"},\"image\":{\"@id\":\"https:\/\/www.carlofortetonnare.com\/de\/#\/schema\/logo\/image\/\"}}]}<\/script>\n<!-- \/ Yoast SEO plugin. -->","yoast_head_json":{"title":"T-shirt Carloforte Tonnare - Carloforte Tonnare","robots":{"index":"index","follow":"follow","max-snippet":"max-snippet:-1","max-image-preview":"max-image-preview:large","max-video-preview":"max-video-preview:-1"},"canonical":"https:\/\/www.carlofortetonnare.com\/de\/tonno\/t-shirt-carloforte-tonnare\/","og_locale":"de_DE","og_type":"article","og_title":"T-shirt Carloforte Tonnare - Carloforte Tonnare","og_description":"Offizielles Carloforte-Tonnare-T-Shirt, gefertigt aus weicher 100%-Baumwolle und mit einem schlichten Design, das die Identit\u00e4t der Marke widerspiegelt.Das Logo ist auf der Brust und in gr\u00f6\u00dferer Version auf dem R\u00fccken aufgedruckt \u2013 f\u00fcr einen authentischen und wiedererkennbaren Look.Ideal f\u00fcr die Freizeit oder als Erinnerung an die Tradition der Tonnara von Carloforte; verbindet Komfort, Qualit\u00e4t und maritimen Stil. Produktdetails:   Material: 100% Baumwolle   Verf\u00fcgbare Farben: Marineblau, Wei\u00df   Passform: Klassisch   Gr\u00f6\u00dfen: XS \u2013 S \u2013 M \u2013 L \u2013 XL","og_url":"https:\/\/www.carlofortetonnare.com\/de\/tonno\/t-shirt-carloforte-tonnare\/","og_site_name":"Carloforte Tonnare","article_modified_time":"2026-02-18T09:43:49+00:00","og_image":[{"width":500,"height":440,"url":"https:\/\/www.carlofortetonnare.com\/app\/uploads\/2025\/10\/carloforte-tshirt-blu-fronte-500x440px.jpg","type":"image\/jpeg"}],"twitter_card":"summary_large_image","schema":{"@context":"https:\/\/schema.org","@graph":[{"@type":"WebPage","@id":"https:\/\/www.carlofortetonnare.com\/de\/tonno\/t-shirt-carloforte-tonnare\/","url":"https:\/\/www.carlofortetonnare.com\/de\/tonno\/t-shirt-carloforte-tonnare\/","name":"T-shirt Carloforte Tonnare - Carloforte Tonnare","isPartOf":{"@id":"https:\/\/www.carlofortetonnare.com\/de\/#website"},"primaryImageOfPage":{"@id":"https:\/\/www.carlofortetonnare.com\/de\/tonno\/t-shirt-carloforte-tonnare\/#primaryimage"},"image":{"@id":"https:\/\/www.carlofortetonnare.com\/de\/tonno\/t-shirt-carloforte-tonnare\/#primaryimage"},"thumbnailUrl":"https:\/\/www.carlofortetonnare.com\/app\/uploads\/2025\/10\/carloforte-tshirt-blu-fronte-500x440px.jpg","datePublished":"2025-10-20T09:29:31+00:00","dateModified":"2026-02-18T09:43:49+00:00","breadcrumb":{"@id":"https:\/\/www.carlofortetonnare.com\/de\/tonno\/t-shirt-carloforte-tonnare\/#breadcrumb"},"inLanguage":"de-DE","potentialAction":[{"@type":"ReadAction","target":["https:\/\/www.carlofortetonnare.com\/de\/tonno\/t-shirt-carloforte-tonnare\/"]}]},{"@type":"ImageObject","inLanguage":"de-DE","@id":"https:\/\/www.carlofortetonnare.com\/de\/tonno\/t-shirt-carloforte-tonnare\/#primaryimage","url":"https:\/\/www.carlofortetonnare.com\/app\/uploads\/2025\/10\/carloforte-tshirt-blu-fronte-500x440px.jpg","contentUrl":"https:\/\/www.carlofortetonnare.com\/app\/uploads\/2025\/10\/carloforte-tshirt-blu-fronte-500x440px.jpg","width":500,"height":440},{"@type":"BreadcrumbList","@id":"https:\/\/www.carlofortetonnare.com\/de\/tonno\/t-shirt-carloforte-tonnare\/#breadcrumb","itemListElement":[{"@type":"ListItem","position":1,"name":"Home","item":"https:\/\/www.carlofortetonnare.com\/de\/"},{"@type":"ListItem","position":2,"name":"Shop","item":"https:\/\/www.carlofortetonnare.com\/de\/shop\/"},{"@type":"ListItem","position":3,"name":"T-shirt Carloforte Tonnare"}]},{"@type":"WebSite","@id":"https:\/\/www.carlofortetonnare.com\/de\/#website","url":"https:\/\/www.carlofortetonnare.com\/de\/","name":"Carloforte Tonnare","description":"","publisher":{"@id":"https:\/\/www.carlofortetonnare.com\/de\/#organization"},"potentialAction":[{"@type":"SearchAction","target":{"@type":"EntryPoint","urlTemplate":"https:\/\/www.carlofortetonnare.com\/de\/?s={search_term_string}"},"query-input":{"@type":"PropertyValueSpecification","valueRequired":true,"valueName":"search_term_string"}}],"inLanguage":"de-DE"},{"@type":"Organization","@id":"https:\/\/www.carlofortetonnare.com\/de\/#organization","name":"Carloforte Tonnare","url":"https:\/\/www.carlofortetonnare.com\/de\/","logo":{"@type":"ImageObject","inLanguage":"de-DE","@id":"https:\/\/www.carlofortetonnare.com\/de\/#\/schema\/logo\/image\/","url":"https:\/\/www.carlofortetonnare.com\/app\/uploads\/2023\/02\/logo-stampa-sfondo-bianco.jpg","contentUrl":"https:\/\/www.carlofortetonnare.com\/app\/uploads\/2023\/02\/logo-stampa-sfondo-bianco.jpg","width":2501,"height":1668,"caption":"Carloforte Tonnare"},"image":{"@id":"https:\/\/www.carlofortetonnare.com\/de\/#\/schema\/logo\/image\/"}}]}},"_links":{"self":[{"href":"https:\/\/www.carlofortetonnare.com\/de\/wp-json\/wp\/v2\/product\/12162","targetHints":{"allow":["GET"]}}],"collection":[{"href":"https:\/\/www.carlofortetonnare.com\/de\/wp-json\/wp\/v2\/product"}],"about":[{"href":"https:\/\/www.carlofortetonnare.com\/de\/wp-json\/wp\/v2\/types\/product"}],"wp:featuredmedia":[{"embeddable":true,"href":"https:\/\/www.carlofortetonnare.com\/de\/wp-json\/wp\/v2\/media\/10442"}],"wp:attachment":[{"href":"https:\/\/www.carlofortetonnare.com\/de\/wp-json\/wp\/v2\/media?parent=12162"}],"wp:term":[{"taxonomy":"product_brand","embeddable":true,"href":"https:\/\/www.carlofortetonnare.com\/de\/wp-json\/wp\/v2\/product_brand?post=12162"},{"taxonomy":"product_cat","embeddable":true,"href":"https:\/\/www.carlofortetonnare.com\/de\/wp-json\/wp\/v2\/product_cat?post=12162"},{"taxonomy":"product_tag","embeddable":true,"href":"https:\/\/www.carlofortetonnare.com\/de\/wp-json\/wp\/v2\/product_tag?post=12162"}],"curies":[{"name":"wp","href":"https:\/\/api.w.org\/{rel}","templated":true}]}}